{"id":2310,"date":"2026-01-20T14:53:25","date_gmt":"2026-01-20T12:53:25","guid":{"rendered":"https:\/\/xeroot.net\/drbassemdu\/?page_id=2310"},"modified":"2026-01-24T18:23:23","modified_gmt":"2026-01-24T16:23:23","slug":"ivf","status":"publish","type":"page","link":"https:\/\/kinderwunsch-dz.at\/ar\/leistungen\/ivf\/","title":{"rendered":"\u0623\u0637\u0641\u0627\u0644 \u0627\u0644\u0623\u0646\u0627\u0628\u064a\u0628"},"content":{"rendered":"\n\t<section class=\"section\" id=\"section_1967265424\">\n\t\t<div class=\"section-bg fill\" >\n\t\t\t\t\t\t\t\t\t\n\t\t\t\n\n\t\t<\/div>\n\n\t\t\n\n\t\t<div class=\"section-content relative\">\n\t\t\t\n\t<div id=\"gap-1761218708\" class=\"gap-element clearfix\" style=\"display:block; height:auto;\">\n\t\t\n<style>\n#gap-1761218708 {\n  padding-top: 30px;\n}\n<\/style>\n\t<\/div>\n\t\n<div class=\"row align-middle\"  id=\"row-1692841670\">\n\n\t<div id=\"col-1726474995\" class=\"col medium-12 small-12 large-6\"  >\n\t\t\t\t<div class=\"col-inner\"  >\n\t\t\t\n\t\t\t\n\n  <div class=\"banner has-hover bg-zoom\" id=\"banner-458103759\">\n          <div class=\"banner-inner fill\">\n        <div class=\"banner-bg fill\" >\n            <img loading=\"lazy\" decoding=\"async\" width=\"1020\" height=\"680\" src=\"https:\/\/kinderwunsch-dz.at\/wp-content\/uploads\/2026\/01\/home-1200x800.png\" class=\"bg attachment-large size-large\" alt=\"\" \/>                                    \n                    <\/div>\n\t\t\n        <div class=\"banner-layers container\">\n            <div class=\"fill banner-link\"><\/div>            \n   <div id=\"text-box-776101226\" class=\"text-box banner-layer x50 md-x50 lg-x50 y50 md-y50 lg-y50 res-text\">\n                                <div class=\"text-box-content text dark\">\n              \n              <div class=\"text-inner text-center\">\n                  \n              <\/div>\n           <\/div>\n                            \n<style>\n#text-box-776101226 {\n  width: 60%;\n}\n#text-box-776101226 .text-box-content {\n  font-size: 100%;\n}\n<\/style>\n    <\/div>\n \n        <\/div>\n      <\/div>\n\n            \n<style>\n#banner-458103759 {\n  padding-top: 99.99%;\n  background-color: rgb(255, 255, 255);\n}\n#banner-458103759 .banner-bg img {\n  object-position: 35% 56%;\n}\n@media (min-width:550px) {\n  #banner-458103759 {\n    padding-top: 75%;\n  }\n}\n@media (min-width:850px) {\n  #banner-458103759 {\n    padding-top: 65%;\n  }\n}\n<\/style>\n  <\/div>\n\n\n\t\t<\/div>\n\t\t\t\t\t<\/div>\n\n\t\n\n\t<div id=\"col-1315594365\" class=\"col medium-12 small-12 large-6\"  >\n\t\t\t\t<div class=\"col-inner\"  >\n\t\t\t\n\t\t\t\n\t<div id=\"gap-398086807\" class=\"gap-element clearfix\" style=\"display:block; height:auto;\">\n\t\t\n<style>\n#gap-398086807 {\n  padding-top: 10px;\n}\n@media (min-width:850px) {\n  #gap-398086807 {\n    padding-top: 30px;\n  }\n}\n<\/style>\n\t<\/div>\n\t\n\t<div id=\"text-1691403205\" class=\"text\">\n\t\t\n<h2>Zielgerecht auf die Schwangerschaft steuern<\/h2>\n\t\t\n<style>\n#text-1691403205 {\n  font-size: 1.05rem;\n}\n<\/style>\n\t<\/div>\n\t\n<p>Weder\u00a0\u00fcberlasse ich etwas dem\u00a0Zufall,\u00a0noch\u00a0gibt es\u00a0vorgefertigte Praktiken\u00a0die sich auf jeden Menschen gleich anwenden lassen. Damit Sie gewisse Einblicke in die von mir angebotenen\u00a0Leistungen\u00a0sehen, habe ich die\u00a0Wichtigsten\u00a0unten zusammengefasst:<\/p>\n<a href=\"https:\/\/kinderwunsch-dz.at\/kontakt\/\" class=\"button primary is-link\"  style=\"padding:0 0px 0px 0px;\">\n\t\t<span>Kontakt<\/span>\n\t<i class=\"icon-angle-right\" aria-hidden=\"true\" ><\/i><\/a>\n\n\t\t<\/div>\n\t\t\t\t\n<style>\n#col-1315594365 > .col-inner {\n  padding: 0px 0px 0px 0;\n}\n@media (min-width:850px) {\n  #col-1315594365 > .col-inner {\n    padding: 0px 0px 0px 10%;\n  }\n}\n<\/style>\n\t<\/div>\n\n\t\n<\/div>\n\t\t<\/div>\n\n\t\t\n<style>\n#section_1967265424 {\n  padding-top: 40px;\n  padding-bottom: 40px;\n  background-color: rgb(255,255,255);\n}\n@media (min-width:850px) {\n  #section_1967265424 {\n    padding-top: 6px;\n    padding-bottom: 6px;\n  }\n}\n<\/style>\n\t<\/section>\n\t\n\n\t<section class=\"section\" id=\"section_1665140128\">\n\t\t<div class=\"section-bg fill\" >\n\t\t\t\t\t\t\t\t\t\n\t\t\t\n\n\t\t<\/div>\n\n\t\t\n\n\t\t<div class=\"section-content relative\">\n\t\t\t\n<div class=\"row align-center\"  id=\"row-121120072\">\n\n\t<div id=\"col-492981435\" class=\"col medium-11 small-12 large-11\"  >\n\t\t\t\t<div class=\"col-inner text-center\"  >\n\t\t\t\n\t\t\t\n<div class=\"row\"  id=\"row-1011608017\">\n\n\t<div id=\"col-1441754706\" class=\"col small-12 large-12\"  >\n\t\t\t\t<div class=\"col-inner\"  >\n\t\t\t\n\t\t\t\n<div class=\"container section-title-container\" ><h2 class=\"section-title section-title-bold-center\"><b><\/b><span class=\"section-title-main\" >K\u00fcnstliche Befruchtung \/ IVF (In-Vitro-Fertilisation)<\/span><b><\/b><\/h2><\/div>\n\t\t<\/div>\n\t\t\t\t\t<\/div>\n\n\t\n<\/div>\n\t<div id=\"text-1228299005\" class=\"text\">\n\t\t\n<div>\n<div>\n<div>\n<div>\n<div>\n<p><a href=\"https:\/\/kinderwunsch-dz.at\/wp-content\/uploads\/2026\/01\/fertilized-egg.jpg\"><img loading=\"lazy\" decoding=\"async\" class=\"alignleft\" src=\"https:\/\/kinderwunsch-dz.at\/wp-content\/uploads\/2026\/01\/fertilized-egg-280x280.jpg\" alt=\"\" width=\"205\" height=\"205\" \/><\/a>Bei der IVF-Methodik\u00a0(auch genannt:\u00a0Befruchtung im Reagenzglas) werden der Mutter entnommene\u00a0Eizellen\u00a0durch Zugabe tausender gesunder\u00a0Spermien\u00a0befruchtet.<\/p>\n<\/div>\n<\/div>\n<div style=\"text-align: left;\">\n<div>\n<p>Diese Methode wird am h\u00e4ufigsten beim\u00a0Vers<\/p>\n<p>chluss der Eileiter\u00a0gebraucht um Paaren dennoch zum lang ersehnten\u00a0Nachwuchs\u00a0zu verhelfen.<\/p>\n<\/div>\n<\/div>\n<\/div>\n<\/div>\n<\/div>\n<div style=\"text-align: left;\">\n<div>\n<div>\n<div>\n<div>\n<p>Die\u00a0Chancen\u00a0liegen hierbei \u2013 je nach Alter, Hormonhaushalt, Grunderkrankungen und weiteren Lebensfaktoren wie Stress, \u00dcbergewicht, etc. bei\u00a0\u00fcber 55%\u00a0im Durchschnitt.<\/p>\n<p>Grunds\u00e4tzlich gliedert sich die\u00a0Behandlung\u00a0mit Hilfe von\u00a0IVF\u00a0in mehrere Teilschritte, wobei wir zun\u00e4chst mit Hilfe einer\u00a0hormonellen Stimulation\u00a0die Folikel zum wachsen gebracht werden.<\/p>\n<p>Dem Eierstock wird in Folge dessen die\u00a0Eizelle entnommen\u00a0und in einem<a href=\"https:\/\/kinderwunsch-dz.at\/wp-content\/uploads\/2026\/01\/molekuel.jpg\"><img loading=\"lazy\" decoding=\"async\" class=\"alignright\" src=\"https:\/\/kinderwunsch-dz.at\/wp-content\/uploads\/2026\/01\/molekuel-280x280.jpg\" alt=\"\" width=\"280\" height=\"280\" \/><\/a> Reagenzsch\u00e4lchen (In Vitro) mit dem Samen des Mannes\u00a0befruchtet.<\/p>\n<\/div>\n<\/div>\n<\/div>\n<\/div>\n<\/div>\n<div style=\"text-align: left;\">\n<div>\n<div>\n<div>\n<div>\n<p>Der daraus entstandene\u00a0Embryo\u00a0wird 2-5 Tage nach der Befruchtung in die Geb\u00e4rmutter eingenistet (Embryotransfer).<\/p>\n<p>In dieser \u201aEinnistungsphase\u201a wird die k\u00f6rpereigene\u00a0Gelbk\u00f6rperhormonproduktion medikament\u00f6s unterst\u00fctzt, wobei sich die Geb\u00e4rmutterschleimhaut ideal auf die Einnistung des Embryos vorbereiten kann.<\/p>\n<\/div>\n<\/div>\n<\/div>\n<\/div>\n<div>\n<div>\n<div>\u00a0<\/div>\n<\/div>\n<\/div>\n<\/div>\n<div>\n<div>\n<div>\n<div>\n<div>\n<p style=\"text-align: left;\">Zwei Wochen nach der Befruchtung der Eizellen kann fr\u00fchestm\u00f6glich eine\u00a0Schwangerschaft\u00a0festgestellt werden.<\/p>\n<p style=\"text-align: left;\">Der Behandlungsvorgang erfolgt immer\u00a0individuell\u00a0und wird der jeweiligen Patientin\u00a0angepasst.<\/p>\n<\/div>\n<\/div>\n<\/div>\n<\/div>\n<\/div>\n\t\t\n<style>\n#text-1228299005 {\n  text-align: left;\n  color: rgb(0,0,0);\n}\n#text-1228299005 > * {\n  color: rgb(0,0,0);\n}\n<\/style>\n\t<\/div>\n\t\n\t\t<\/div>\n\t\t\t\t\t<\/div>\n\n\t\n<\/div>\n\t\t<\/div>\n\n\t\t\n<style>\n#section_1665140128 {\n  padding-top: 60px;\n  padding-bottom: 60px;\n  min-height: 300px;\n  background-color: rgb(249, 249, 249);\n}\n<\/style>\n\t<\/section>\n\t\n<div class=\"row\"  id=\"row-799545519\">\n\n\t<div id=\"col-1601931656\" class=\"col hide-for-small small-12 large-12\"  >\n\t\t\t\t<div class=\"col-inner\"  >\n\t\t\t\n\t\t\t\n\t<div class=\"img has-hover x md-x lg-x y md-y lg-y\" id=\"image_1259104263\">\n\t\t\t\t\t\t\t\t<div class=\"img-inner image-cover dark\" style=\"padding-top:154px;\">\n\t\t\t<img loading=\"lazy\" decoding=\"async\" width=\"672\" height=\"152\" src=\"https:\/\/kinderwunsch-dz.at\/wp-content\/uploads\/2026\/01\/bb.png\" class=\"attachment-large size-large\" alt=\"\" \/>\t\t\t\t\t\t\n\t\t\t\t\t<\/div>\n\t\t\t\t\t\t\t\t\n<style>\n#image_1259104263 {\n  width: 100%;\n}\n<\/style>\n\t<\/div>\n\t\n\t\t<\/div>\n\t\t\t\t\t<\/div>\n\n\t\n<\/div>\n\n\t<section class=\"section\" id=\"section_1155699852\">\n\t\t<div class=\"section-bg fill\" >\n\t\t\t\t\t\t\t\t\t<div class=\"section-bg-overlay absolute fill\"><\/div>\n\t\t\t\n\n\t\t<\/div>\n\n\t\t\n\n\t\t<div class=\"section-content relative\">\n\t\t\t\n\t<div id=\"gap-522535788\" class=\"gap-element clearfix\" style=\"display:block; height:auto;\">\n\t\t\n<style>\n#gap-522535788 {\n  padding-top: 30px;\n}\n<\/style>\n\t<\/div>\n\t\n<div class=\"row align-center\"  id=\"row-1034476483\">\n\n\t<div id=\"col-608002487\" class=\"col medium-11 small-12 large-12\"  >\n\t\t\t\t<div class=\"col-inner text-center\"  >\n\t\t\t\n\t\t\t\n<div class=\"row row-collapse align-equal align-center\"  id=\"row-335121541\">\n\n\t<div id=\"col-1376626516\" class=\"col medium-12 small-12 large-5\"  >\n\t\t\t\t<div class=\"col-inner text-center dark\" style=\"background-color:rgb(37, 99, 235);\" >\n\t\t\t\n\t\t\t\n\t<div id=\"gap-1788486506\" class=\"gap-element clearfix\" style=\"display:block; height:auto;\">\n\t\t\n<style>\n#gap-1788486506 {\n  padding-top: 30px;\n}\n<\/style>\n\t<\/div>\n\t\n\t<div id=\"text-206971853\" class=\"text\">\n\t\t\n<h2><strong>Kontakt<\/strong><\/h2>\n\t\t\n<style>\n#text-206971853 {\n  font-size: 1.1rem;\n  line-height: 1;\n  text-align: center;\n}\n<\/style>\n\t<\/div>\n\t\n\t<div id=\"text-1930252880\" class=\"text\">\n\t\t\n<p>\u00dcber das Kontaktformular erreicht mich Ihre Anfrage rund um die Uhr<\/p>\n\t\t\n<style>\n#text-1930252880 {\n  text-align: center;\n}\n<\/style>\n\t<\/div>\n\t\n\n<div class=\"medical-contact\">\n<div class=\"contact-item\">\n    <span class=\"icon\">\ud83d\udccd<\/span><br \/>\n    <span class=\"text\"><br \/>\n      Donaustadtstr. 1 \/ Top 602; 1220 Wien<br \/>\n    <\/span>\n  <\/div>\n<div class=\"contact-item\">\n    <span class=\"icon\">\ud83d\udcde<\/span><br \/>\n    <a href=\"tel:+436643827634\" class=\"text\"><br \/>\n      +43 664 3827634<br \/>\n    <\/a>\n  <\/div>\n<div class=\"contact-item\">\n    <span class=\"icon\">\u2709\ufe0f<\/span><br \/>\n    <a href=\"mailto:info@kinderwunsch-dz.at\" class=\"text\"><br \/>\n      info@kinderwunsch-dz.at<br \/>\n    <\/a>\n  <\/div>\n<\/div>\n\n\t<div id=\"gap-1750554051\" class=\"gap-element clearfix\" style=\"display:block; height:auto;\">\n\t\t\n<style>\n#gap-1750554051 {\n  padding-top: 30px;\n}\n<\/style>\n\t<\/div>\n\t\n<a href=\"https:\/\/kinderwunsch-dz.at\/kontakt\/\" class=\"button primary\"  style=\"border-radius:10px;\">\n\t\t<span>Kontakt<\/span>\n\t<\/a>\n\n\t\t<\/div>\n\t\t\t\t\n<style>\n#col-1376626516 > .col-inner {\n  padding: 40px 5% 60px 5%;\n}\n@media (min-width:550px) {\n  #col-1376626516 > .col-inner {\n    padding: 44px 15% 57px 12%;\n  }\n}\n<\/style>\n\t<\/div>\n\n\t\n\n\t<div id=\"col-796725552\" class=\"col medium-12 small-12 large-7\"  >\n\t\t\t\t<div class=\"col-inner\"  >\n\t\t\t\n\t\t\t\n\t<div id=\"gap-567640270\" class=\"gap-element clearfix\" style=\"display:block; height:auto;\">\n\t\t\n<style>\n#gap-567640270 {\n  padding-top: 22px;\n}\n@media (min-width:550px) {\n  #gap-567640270 {\n    padding-top: 40px;\n  }\n}\n<\/style>\n\t<\/div>\n\t\n\t<div id=\"text-583128265\" class=\"text\">\n\t\t\n<h2><strong>Melden Sie sich noch heute an<\/strong><\/h2>\n\t\t\n<style>\n#text-583128265 {\n  font-size: 1.15rem;\n  line-height: 1;\n  text-align: left;\n}\n<\/style>\n\t<\/div>\n\t\n\t<div id=\"gap-1796184519\" class=\"gap-element clearfix\" style=\"display:block; height:auto;\">\n\t\t\n<style>\n#gap-1796184519 {\n  padding-top: 16px;\n}\n@media (min-width:550px) {\n  #gap-1796184519 {\n    padding-top: 15px;\n  }\n}\n<\/style>\n\t<\/div>\n\t\n<div class=\"row\"  id=\"row-1063179303\">\n\n\t<div id=\"col-627013881\" class=\"col small-12 large-12\"  >\n\t\t\t\t<div class=\"col-inner\"  >\n\t\t\t\n\t\t\t\n\n<style id=\"wpforms-css-vars-2276\">\n\t\t\t\t#wpforms-2276 {\n\t\t\t\t--wpforms-container-padding: 0px;\n--wpforms-container-border-width: 1px;\n--wpforms-container-border-radius: 3px;\n--wpforms-background-color: rgba(0, 0, 0, 0);\n--wpforms-field-size-input-height: 43px;\n--wpforms-field-size-input-spacing: 15px;\n--wpforms-field-size-font-size: 16px;\n--wpforms-field-size-line-height: 19px;\n--wpforms-field-size-padding-h: 14px;\n--wpforms-field-size-checkbox-size: 16px;\n--wpforms-field-size-sublabel-spacing: 5px;\n--wpforms-field-size-icon-size: 1;\n--wpforms-label-size-font-size: 16px;\n--wpforms-label-size-line-height: 19px;\n--wpforms-label-size-sublabel-font-size: 14px;\n--wpforms-label-size-sublabel-line-height: 17px;\n--wpforms-button-size-font-size: 17px;\n--wpforms-button-size-height: 41px;\n--wpforms-button-size-padding-h: 15px;\n--wpforms-button-size-margin-top: 10px;\n--wpforms-container-shadow-size-box-shadow: none;\n\t\t\t}\n\t\t\t<\/style><div class=\"wpforms-container wpforms-container-full medical-form wpforms-render-modern\" id=\"wpforms-2276\"><form id=\"wpforms-form-2276\" class=\"wpforms-validate wpforms-form wpforms-ajax-form\" data-formid=\"2276\" method=\"post\" enctype=\"multipart\/form-data\" action=\"\/ar\/wp-json\/wp\/v2\/pages\/2310\" data-token=\"52bb80e5bdf09a6f8e0aa60a23ec2383\" data-token-time=\"1775575713\"><noscript class=\"wpforms-error-noscript\">Please enable JavaScript in your browser to complete this form.<\/noscript><div id=\"wpforms-error-noscript\" style=\"display: none;\">Please enable JavaScript in your browser to complete this form.<\/div><div class=\"wpforms-field-container\"><div id=\"wpforms-2276-field_1-container\" class=\"wpforms-field wpforms-field-name\" data-field-id=\"1\"><label class=\"wpforms-field-label wpforms-label-hide\" for=\"wpforms-2276-field_1\" aria-hidden=\"false\">Vorname  <span class=\"wpforms-required-label\" aria-hidden=\"true\">*<\/span><\/label><input type=\"text\" id=\"wpforms-2276-field_1\" class=\"wpforms-field-large wpforms-field-required\" name=\"wpforms[fields][1]\" placeholder=\"Vorname \" aria-errormessage=\"wpforms-2276-field_1-error\" required><\/div>\t\t<div id=\"wpforms-2276-field_7-container\"\n\t\t\tclass=\"wpforms-field wpforms-field-text\"\n\t\t\tdata-field-type=\"text\"\n\t\t\tdata-field-id=\"7\"\n\t\t\t>\n\t\t\t<label class=\"wpforms-field-label\" for=\"wpforms-2276-field_7\" >* Hinweis Telefonnummer<\/label>\n\t\t\t<input type=\"text\" id=\"wpforms-2276-field_7\" class=\"wpforms-field-medium\" name=\"wpforms[fields][7]\" >\n\t\t<\/div>\n\t\t<div id=\"wpforms-2276-field_8-container\" class=\"wpforms-field wpforms-field-text\" data-field-id=\"8\"><label class=\"wpforms-field-label wpforms-label-hide\" for=\"wpforms-2276-field_8\" aria-hidden=\"false\">Telefonnummer <span class=\"wpforms-required-label\" aria-hidden=\"true\">*<\/span><\/label><input type=\"text\" id=\"wpforms-2276-field_8\" class=\"wpforms-field-large wpforms-field-required\" name=\"wpforms[fields][8]\" placeholder=\"Mobile number\" aria-errormessage=\"wpforms-2276-field_8-error\" required><\/div><div id=\"wpforms-2276-field_2-container\" class=\"wpforms-field wpforms-field-email\" data-field-id=\"2\"><label class=\"wpforms-field-label wpforms-label-hide\" for=\"wpforms-2276-field_2\" aria-hidden=\"false\">E-Mail-Adresse * <span class=\"wpforms-required-label\" aria-hidden=\"true\">*<\/span><\/label><input type=\"email\" id=\"wpforms-2276-field_2\" class=\"wpforms-field-large wpforms-field-required\" name=\"wpforms[fields][2]\" placeholder=\"E-Mail-Adresse *\" spellcheck=\"false\" aria-errormessage=\"wpforms-2276-field_2-error\" required><\/div><div id=\"wpforms-2276-field_4-container\" class=\"wpforms-field wpforms-field-text\" data-field-id=\"4\"><label class=\"wpforms-field-label wpforms-label-hide\" for=\"wpforms-2276-field_4\" aria-hidden=\"false\">Sozialversicherungsnummer<\/label><input type=\"text\" id=\"wpforms-2276-field_4\" class=\"wpforms-field-large\" name=\"wpforms[fields][4]\" placeholder=\"Sozialversicherungsnummer\" aria-errormessage=\"wpforms-2276-field_4-error\" ><\/div><div id=\"wpforms-2276-field_5-container\" class=\"wpforms-field wpforms-field-textarea\" data-field-id=\"5\"><label class=\"wpforms-field-label wpforms-label-hide\" for=\"wpforms-2276-field_5\" aria-hidden=\"false\">Hinweis<\/label><textarea id=\"wpforms-2276-field_5\" class=\"wpforms-field-medium\" name=\"wpforms[fields][5]\" placeholder=\"Hinweis\" aria-errormessage=\"wpforms-2276-field_5-error\" ><\/textarea><\/div><script>\n\t\t\t\t( function() {\n\t\t\t\t\tconst style = document.createElement( 'style' );\n\t\t\t\t\tstyle.appendChild( document.createTextNode( '#wpforms-2276-field_7-container { position: absolute !important; overflow: hidden !important; display: inline !important; height: 1px !important; width: 1px !important; z-index: -1000 !important; padding: 0 !important; } #wpforms-2276-field_7-container input { visibility: hidden; } #wpforms-conversational-form-page #wpforms-2276-field_7-container label { counter-increment: none; }' ) );\n\t\t\t\t\tdocument.head.appendChild( style );\n\t\t\t\t\tdocument.currentScript?.remove();\n\t\t\t\t} )();\n\t\t\t<\/script><\/div><!-- .wpforms-field-container --><div class=\"wpforms-submit-container\" ><input type=\"hidden\" name=\"wpforms[id]\" value=\"2276\"><input type=\"hidden\" name=\"page_title\" value=\"\"><input type=\"hidden\" name=\"page_url\" value=\"https:\/\/kinderwunsch-dz.at\/ar\/wp-json\/wp\/v2\/pages\/2310\"><input type=\"hidden\" name=\"url_referer\" value=\"\"><button type=\"submit\" name=\"wpforms[submit]\" id=\"wpforms-submit-2276\" class=\"wpforms-submit\" data-alt-text=\"Sending...\" data-submit-text=\"Termin anfragen\" aria-live=\"assertive\" value=\"wpforms-submit\">Termin anfragen<\/button><img loading=\"lazy\" decoding=\"async\" src=\"https:\/\/kinderwunsch-dz.at\/wp-content\/plugins\/wpforms-lite\/assets\/images\/submit-spin.svg\" class=\"wpforms-submit-spinner\" style=\"display: none;\" width=\"26\" height=\"26\" alt=\"Loading\"><\/div><\/form><\/div>  <!-- .wpforms-container -->\n\n\t\t<\/div>\n\t\t\t\t\n<style>\n#col-627013881 > .col-inner {\n  padding: 0px 0px 0px 0px;\n}\n<\/style>\n\t<\/div>\n\n\t\n<\/div>\n\t\t<\/div>\n\t\t\t\t\n<style>\n#col-796725552 > .col-inner {\n  padding: 30px 5% 30px 5%;\n}\n@media (min-width:550px) {\n  #col-796725552 > .col-inner {\n    padding: 15% 15% 15% 15%;\n  }\n}\n<\/style>\n\t<\/div>\n\n\t\n<\/div>\n\t\t<\/div>\n\t\t\t\t\t<\/div>\n\n\t\n\n<style>\n#row-1034476483 > .col > .col-inner {\n  background-color: rgb(255, 255, 255);\n}\n<\/style>\n<\/div>\n\t\t<\/div>\n\n\t\t\n<style>\n#section_1155699852 {\n  padding-top: 1px;\n  padding-bottom: 1px;\n  background-color: rgb(255,255,255);\n}\n#section_1155699852 .section-bg-overlay {\n  background-color: rgba(255,255,255,.5);\n}\n@media (min-width:550px) {\n  #section_1155699852 {\n    padding-top: 80px;\n    padding-bottom: 80px;\n  }\n}\n@media (min-width:850px) {\n  #section_1155699852 {\n    padding-top: 31px;\n    padding-bottom: 31px;\n  }\n}\n<\/style>\n\t<\/section>\n\t\n","protected":false},"excerpt":{"rendered":"","protected":false},"author":1,"featured_media":0,"parent":2357,"menu_order":0,"comment_status":"closed","ping_status":"closed","template":"page-blank.php","meta":{"footnotes":""},"class_list":["post-2310","page","type-page","status-publish","hentry"],"_links":{"self":[{"href":"https:\/\/kinderwunsch-dz.at\/ar\/wp-json\/wp\/v2\/pages\/2310","targetHints":{"allow":["GET"]}}],"collection":[{"href":"https:\/\/kinderwunsch-dz.at\/ar\/wp-json\/wp\/v2\/pages"}],"about":[{"href":"https:\/\/kinderwunsch-dz.at\/ar\/wp-json\/wp\/v2\/types\/page"}],"author":[{"embeddable":true,"href":"https:\/\/kinderwunsch-dz.at\/ar\/wp-json\/wp\/v2\/users\/1"}],"replies":[{"embeddable":true,"href":"https:\/\/kinderwunsch-dz.at\/ar\/wp-json\/wp\/v2\/comments?post=2310"}],"version-history":[{"count":13,"href":"https:\/\/kinderwunsch-dz.at\/ar\/wp-json\/wp\/v2\/pages\/2310\/revisions"}],"predecessor-version":[{"id":2518,"href":"https:\/\/kinderwunsch-dz.at\/ar\/wp-json\/wp\/v2\/pages\/2310\/revisions\/2518"}],"up":[{"embeddable":true,"href":"https:\/\/kinderwunsch-dz.at\/ar\/wp-json\/wp\/v2\/pages\/2357"}],"wp:attachment":[{"href":"https:\/\/kinderwunsch-dz.at\/ar\/wp-json\/wp\/v2\/media?parent=2310"}],"curies":[{"name":"wp","href":"https:\/\/api.w.org\/{rel}","templated":true}]}}