{"id":2345,"date":"2026-01-20T16:11:21","date_gmt":"2026-01-20T14:11:21","guid":{"rendered":"https:\/\/xeroot.net\/drbassemdu\/?page_id=2345"},"modified":"2026-01-24T20:27:12","modified_gmt":"2026-01-24T18:27:12","slug":"p-icsi","status":"publish","type":"page","link":"https:\/\/kinderwunsch-dz.at\/ar\/leistungen\/p-icsi\/","title":{"rendered":"P-ICSI"},"content":{"rendered":"\n\t<section class=\"section\" id=\"section_1764436189\">\n\t\t<div class=\"section-bg fill\" >\n\t\t\t\t\t\t\t\t\t\n\t\t\t\n\n\t\t<\/div>\n\n\t\t\n\n\t\t<div class=\"section-content relative\">\n\t\t\t\n\t<div id=\"gap-957788244\" class=\"gap-element clearfix\" style=\"display:block; height:auto;\">\n\t\t\n<style>\n#gap-957788244 {\n  padding-top: 30px;\n}\n<\/style>\n\t<\/div>\n\t\n<div class=\"row align-middle\"  id=\"row-1942482134\">\n\n\t<div id=\"col-4351952\" class=\"col medium-12 small-12 large-6\"  >\n\t\t\t\t<div class=\"col-inner\"  >\n\t\t\t\n\t\t\t\n\n  <div class=\"banner has-hover bg-zoom\" id=\"banner-883742727\">\n          <div class=\"banner-inner fill\">\n        <div class=\"banner-bg fill\" >\n            <img loading=\"lazy\" decoding=\"async\" width=\"1020\" height=\"680\" src=\"https:\/\/kinderwunsch-dz.at\/wp-content\/uploads\/2026\/01\/home-1200x800.png\" class=\"bg attachment-large size-large\" alt=\"\" \/>                                    \n                    <\/div>\n\t\t\n        <div class=\"banner-layers container\">\n            <div class=\"fill banner-link\"><\/div>            \n   <div id=\"text-box-1604704150\" class=\"text-box banner-layer x50 md-x50 lg-x50 y50 md-y50 lg-y50 res-text\">\n                                <div class=\"text-box-content text dark\">\n              \n              <div class=\"text-inner text-center\">\n                  \n              <\/div>\n           <\/div>\n                            \n<style>\n#text-box-1604704150 {\n  width: 60%;\n}\n#text-box-1604704150 .text-box-content {\n  font-size: 100%;\n}\n<\/style>\n    <\/div>\n \n        <\/div>\n      <\/div>\n\n            \n<style>\n#banner-883742727 {\n  padding-top: 99.99%;\n  background-color: rgb(255, 255, 255);\n}\n#banner-883742727 .banner-bg img {\n  object-position: 35% 56%;\n}\n@media (min-width:550px) {\n  #banner-883742727 {\n    padding-top: 75%;\n  }\n}\n@media (min-width:850px) {\n  #banner-883742727 {\n    padding-top: 65%;\n  }\n}\n<\/style>\n  <\/div>\n\n\n\t\t<\/div>\n\t\t\t\t\t<\/div>\n\n\t\n\n\t<div id=\"col-125116569\" class=\"col medium-12 small-12 large-6\"  >\n\t\t\t\t<div class=\"col-inner\"  >\n\t\t\t\n\t\t\t\n\t<div id=\"gap-1079792733\" class=\"gap-element clearfix\" style=\"display:block; height:auto;\">\n\t\t\n<style>\n#gap-1079792733 {\n  padding-top: 10px;\n}\n@media (min-width:850px) {\n  #gap-1079792733 {\n    padding-top: 30px;\n  }\n}\n<\/style>\n\t<\/div>\n\t\n\t<div id=\"text-1624761268\" class=\"text\">\n\t\t\n<h2>Zielgerecht auf die Schwangerschaft steuern<\/h2>\n\t\t\n<style>\n#text-1624761268 {\n  font-size: 1.05rem;\n}\n<\/style>\n\t<\/div>\n\t\n<div class=\"wpb_column vc_column_container\">\n<div class=\"vc_column-inner\">\n<div class=\"wpb_text_column\">\n<div class=\"wpb_wrapper\">\n<p><strong>Weder<\/strong>\u00a0\u00fcberlasse ich etwas dem\u00a0<strong>Zufall<\/strong>,\u00a0<strong>noch<\/strong>\u00a0gibt es\u00a0<strong>vorgefertigte Praktiken<\/strong>\u00a0die sich auf jeden Menschen gleich anwenden lassen. Damit Sie gewisse Einblicke in die von mir angebotenen\u00a0<strong>Leistungen<\/strong>\u00a0sehen, habe ich die\u00a0<strong>Wichtigsten<\/strong>\u00a0unten zusammengefasst:<\/p>\n<\/div>\n<\/div>\n<\/div>\n<\/div>\n<div class=\"wpb_column vc_column_container\">\n<div class=\"vc_column-inner\">\n<div class=\"w-image align_none us_animate_afr start\"><\/div>\n<\/div>\n<\/div>\n<a href=\"https:\/\/kinderwunsch-dz.at\/kontakt\/\" class=\"button primary is-link\"  style=\"padding:0 0px 0px 0px;\">\n\t\t<span>Kontakt<\/span>\n\t<i class=\"icon-angle-right\" aria-hidden=\"true\" ><\/i><\/a>\n\n\t\t<\/div>\n\t\t\t\t\n<style>\n#col-125116569 > .col-inner {\n  padding: 0px 0px 0px 0;\n}\n@media (min-width:850px) {\n  #col-125116569 > .col-inner {\n    padding: 0px 0px 0px 10%;\n  }\n}\n<\/style>\n\t<\/div>\n\n\t\n<\/div>\n\t\t<\/div>\n\n\t\t\n<style>\n#section_1764436189 {\n  padding-top: 40px;\n  padding-bottom: 40px;\n  background-color: rgb(255,255,255);\n}\n@media (min-width:850px) {\n  #section_1764436189 {\n    padding-top: 6px;\n    padding-bottom: 6px;\n  }\n}\n<\/style>\n\t<\/section>\n\t\n\n\t<section class=\"section\" id=\"section_1869719479\">\n\t\t<div class=\"section-bg fill\" >\n\t\t\t\t\t\t\t\t\t\n\t\t\t\n\n\t\t<\/div>\n\n\t\t\n\n\t\t<div class=\"section-content relative\">\n\t\t\t\n<div class=\"row align-center\"  id=\"row-1323460107\">\n\n\t<div id=\"col-1528611116\" class=\"col medium-11 small-12 large-11\"  >\n\t\t\t\t<div class=\"col-inner text-center\"  >\n\t\t\t\n\t\t\t\n<div class=\"row\"  id=\"row-1209411237\">\n\n\t<div id=\"col-1087512905\" class=\"col small-12 large-12\"  >\n\t\t\t\t<div class=\"col-inner\"  >\n\t\t\t\n\t\t\t\n<div class=\"container section-title-container\" ><h2 class=\"section-title section-title-bold-center\"><b><\/b><span class=\"section-title-main\" >Lorem ipsum dolor sit amet...<\/span><b><\/b><\/h2><\/div>\n\t\t<\/div>\n\t\t\t\t\t<\/div>\n\n\t\n<\/div>\n\t<div id=\"text-1914115104\" class=\"text\">\n\t\t\n<p>Bei der\u00a0P-ICSI-Methodik\u00a0werden unreife von reifen Spermien mittels\u00a0Hyalurons\u00e4ure\u00a0selektiert.<\/p>\n<p>Hierbei scheinen sich Spermien mit\u00a0h\u00f6herer Qualit\u00e4t\u00a0zu finden die zu einem sehr hohen Prozentsatz\u00a0frei von DNA-Sch\u00e4den\u00a0sind.<\/p>\n<p>Die\u00a0K\u00f6pfe reifer Spermien\u00a0tragen einen spezifischen\u00a0Rezeptor\u00a0f\u00fcr Hyalurons\u00e4ure (Hyaluronan). Hyaluronan ist eine wesentliche Komponente der H\u00fclle, welche die Eizelle umgibt. Unreife Spermien verf\u00fcgen\u00a0nicht\u00a0\u00fcber diesen Rezeptor.<\/p>\n<p>Durch diesen Prozess wird\u00a0Hylornan\u00a0genutzt um unreife von reifen Spermienzellen zu trennen welche danach f\u00fcr die\u00a0ICSI\u00a0verwendet werden.<\/p>\n\t\t\n<style>\n#text-1914115104 {\n  text-align: left;\n  color: rgb(0,0,0);\n}\n#text-1914115104 > * {\n  color: rgb(0,0,0);\n}\n<\/style>\n\t<\/div>\n\t\n\t\t<\/div>\n\t\t\t\t\t<\/div>\n\n\t\n<\/div>\n\t\t<\/div>\n\n\t\t\n<style>\n#section_1869719479 {\n  padding-top: 60px;\n  padding-bottom: 60px;\n  min-height: 300px;\n  background-color: rgb(249, 249, 249);\n}\n<\/style>\n\t<\/section>\n\t\n<div class=\"row\"  id=\"row-2061723957\">\n\n\t<div id=\"col-807242151\" class=\"col hide-for-small small-12 large-12\"  >\n\t\t\t\t<div class=\"col-inner\"  >\n\t\t\t\n\t\t\t\n\t<div class=\"img has-hover x md-x lg-x y md-y lg-y\" id=\"image_716611070\">\n\t\t\t\t\t\t\t\t<div class=\"img-inner image-cover dark\" style=\"padding-top:154px;\">\n\t\t\t<img loading=\"lazy\" decoding=\"async\" width=\"672\" height=\"152\" src=\"https:\/\/kinderwunsch-dz.at\/wp-content\/uploads\/2026\/01\/bb.png\" class=\"attachment-large size-large\" alt=\"\" \/>\t\t\t\t\t\t\n\t\t\t\t\t<\/div>\n\t\t\t\t\t\t\t\t\n<style>\n#image_716611070 {\n  width: 100%;\n}\n<\/style>\n\t<\/div>\n\t\n\t\t<\/div>\n\t\t\t\t\t<\/div>\n\n\t\n<\/div>\n\n\t<section class=\"section\" id=\"section_587245012\">\n\t\t<div class=\"section-bg fill\" >\n\t\t\t\t\t\t\t\t\t<div class=\"section-bg-overlay absolute fill\"><\/div>\n\t\t\t\n\n\t\t<\/div>\n\n\t\t\n\n\t\t<div class=\"section-content relative\">\n\t\t\t\n\t<div id=\"gap-1626179973\" class=\"gap-element clearfix\" style=\"display:block; height:auto;\">\n\t\t\n<style>\n#gap-1626179973 {\n  padding-top: 30px;\n}\n<\/style>\n\t<\/div>\n\t\n<div class=\"row align-center\"  id=\"row-1573672788\">\n\n\t<div id=\"col-553724830\" class=\"col medium-11 small-12 large-12\"  >\n\t\t\t\t<div class=\"col-inner text-center\"  >\n\t\t\t\n\t\t\t\n<div class=\"row row-collapse align-equal align-center\"  id=\"row-1757161539\">\n\n\t<div id=\"col-877194894\" class=\"col medium-12 small-12 large-5\"  >\n\t\t\t\t<div class=\"col-inner text-center dark\" style=\"background-color:rgb(37, 99, 235);\" >\n\t\t\t\n\t\t\t\n\t<div id=\"gap-89662565\" class=\"gap-element clearfix\" style=\"display:block; height:auto;\">\n\t\t\n<style>\n#gap-89662565 {\n  padding-top: 30px;\n}\n<\/style>\n\t<\/div>\n\t\n\t<div id=\"text-957215484\" class=\"text\">\n\t\t\n<h2><strong>Kontakt<\/strong><\/h2>\n\t\t\n<style>\n#text-957215484 {\n  font-size: 1.1rem;\n  line-height: 1;\n  text-align: center;\n}\n<\/style>\n\t<\/div>\n\t\n\t<div id=\"text-22724291\" class=\"text\">\n\t\t\n<p>\u00dcber das Kontaktformular erreicht mich Ihre Anfrage rund um die Uhr<br \/>\n\t\t\n<style>\n#text-22724291 {\n  text-align: center;\n}\n<\/style>\n\t<\/div>\n\t\n\n<div class=\"medical-contact\">\n<div class=\"contact-item\"><span class=\"icon\">\ud83d\udccd<\/span><br \/>\n<span class=\"text\"><br \/>\nDonaustadtstr. 1 \/ Top 602; 1220 Wien<br \/>\n<\/span><\/div>\n<div class=\"contact-item\"><span class=\"icon\">\ud83d\udcde<\/span><br \/>\n<a class=\"text\" href=\"tel:+436643827634\"><br \/>\n+43 664 3827634<br \/>\n<\/a><\/div>\n<div class=\"contact-item\"><span class=\"icon\">\u2709\ufe0f<\/span><br \/>\n<a class=\"text\" href=\"mailto:info@kinderwunsch-dz.at\"><br \/>\ninfo@kinderwunsch-dz.at<br \/>\n<\/a><\/div>\n<\/div>\n\n\t<div id=\"gap-1273710592\" class=\"gap-element clearfix\" style=\"display:block; height:auto;\">\n\t\t\n<style>\n#gap-1273710592 {\n  padding-top: 30px;\n}\n<\/style>\n\t<\/div>\n\t\n<a href=\"https:\/\/kinderwunsch-dz.at\/kontakt\/\" class=\"button primary\"  style=\"border-radius:10px;\">\n\t\t<span>Kontakt<\/span>\n\t<\/a>\n\n\t\t<\/div>\n\t\t\t\t\n<style>\n#col-877194894 > .col-inner {\n  padding: 40px 5% 60px 5%;\n}\n@media (min-width:550px) {\n  #col-877194894 > .col-inner {\n    padding: 44px 15% 57px 12%;\n  }\n}\n<\/style>\n\t<\/div>\n\n\t\n\n\t<div id=\"col-2040802951\" class=\"col medium-12 small-12 large-7\"  >\n\t\t\t\t<div class=\"col-inner\"  >\n\t\t\t\n\t\t\t\n\t<div id=\"gap-379223625\" class=\"gap-element clearfix\" style=\"display:block; height:auto;\">\n\t\t\n<style>\n#gap-379223625 {\n  padding-top: 22px;\n}\n@media (min-width:550px) {\n  #gap-379223625 {\n    padding-top: 40px;\n  }\n}\n<\/style>\n\t<\/div>\n\t\n\t<div id=\"text-407938114\" class=\"text\">\n\t\t\n<h2><strong>Melden Sie sich noch heute an<\/strong><\/h2>\n\t\t\n<style>\n#text-407938114 {\n  font-size: 1.15rem;\n  line-height: 1;\n  text-align: left;\n}\n<\/style>\n\t<\/div>\n\t\n\t<div id=\"gap-237726186\" class=\"gap-element clearfix\" style=\"display:block; height:auto;\">\n\t\t\n<style>\n#gap-237726186 {\n  padding-top: 16px;\n}\n@media (min-width:550px) {\n  #gap-237726186 {\n    padding-top: 15px;\n  }\n}\n<\/style>\n\t<\/div>\n\t\n<div class=\"row\"  id=\"row-1910296889\">\n\n\t<div id=\"col-1412380132\" class=\"col small-12 large-12\"  >\n\t\t\t\t<div class=\"col-inner\"  >\n\t\t\t\n\t\t\t\n\n<style id=\"wpforms-css-vars-2276\">\n\t\t\t\t#wpforms-2276 {\n\t\t\t\t--wpforms-container-padding: 0px;\n--wpforms-container-border-width: 1px;\n--wpforms-container-border-radius: 3px;\n--wpforms-background-color: rgba(0, 0, 0, 0);\n--wpforms-field-size-input-height: 43px;\n--wpforms-field-size-input-spacing: 15px;\n--wpforms-field-size-font-size: 16px;\n--wpforms-field-size-line-height: 19px;\n--wpforms-field-size-padding-h: 14px;\n--wpforms-field-size-checkbox-size: 16px;\n--wpforms-field-size-sublabel-spacing: 5px;\n--wpforms-field-size-icon-size: 1;\n--wpforms-label-size-font-size: 16px;\n--wpforms-label-size-line-height: 19px;\n--wpforms-label-size-sublabel-font-size: 14px;\n--wpforms-label-size-sublabel-line-height: 17px;\n--wpforms-button-size-font-size: 17px;\n--wpforms-button-size-height: 41px;\n--wpforms-button-size-padding-h: 15px;\n--wpforms-button-size-margin-top: 10px;\n--wpforms-container-shadow-size-box-shadow: none;\n\t\t\t}\n\t\t\t<\/style><div class=\"wpforms-container wpforms-container-full medical-form wpforms-render-modern\" id=\"wpforms-2276\"><form id=\"wpforms-form-2276\" class=\"wpforms-validate wpforms-form wpforms-ajax-form\" data-formid=\"2276\" method=\"post\" enctype=\"multipart\/form-data\" action=\"\/ar\/wp-json\/wp\/v2\/pages\/2345\" data-token=\"52bb80e5bdf09a6f8e0aa60a23ec2383\" data-token-time=\"1775575657\"><noscript class=\"wpforms-error-noscript\">Please enable JavaScript in your browser to complete this form.<\/noscript><div id=\"wpforms-error-noscript\" style=\"display: none;\">Please enable JavaScript in your browser to complete this form.<\/div><div class=\"wpforms-field-container\">\t\t<div id=\"wpforms-2276-field_7-container\"\n\t\t\tclass=\"wpforms-field wpforms-field-text\"\n\t\t\tdata-field-type=\"text\"\n\t\t\tdata-field-id=\"7\"\n\t\t\t>\n\t\t\t<label class=\"wpforms-field-label\" for=\"wpforms-2276-field_7\" >Telefonnummer Sozialversicherungsnummer <\/label>\n\t\t\t<input type=\"text\" id=\"wpforms-2276-field_7\" class=\"wpforms-field-medium\" name=\"wpforms[fields][7]\" >\n\t\t<\/div>\n\t\t<div id=\"wpforms-2276-field_1-container\" class=\"wpforms-field wpforms-field-name\" data-field-id=\"1\"><label class=\"wpforms-field-label wpforms-label-hide\" for=\"wpforms-2276-field_1\" aria-hidden=\"false\">Vorname  <span class=\"wpforms-required-label\" aria-hidden=\"true\">*<\/span><\/label><input type=\"text\" id=\"wpforms-2276-field_1\" class=\"wpforms-field-large wpforms-field-required\" name=\"wpforms[fields][1]\" placeholder=\"Vorname \" aria-errormessage=\"wpforms-2276-field_1-error\" required><\/div><div id=\"wpforms-2276-field_8-container\" class=\"wpforms-field wpforms-field-text\" data-field-id=\"8\"><label class=\"wpforms-field-label wpforms-label-hide\" for=\"wpforms-2276-field_8\" aria-hidden=\"false\">Telefonnummer <span class=\"wpforms-required-label\" aria-hidden=\"true\">*<\/span><\/label><input type=\"text\" id=\"wpforms-2276-field_8\" class=\"wpforms-field-large wpforms-field-required\" name=\"wpforms[fields][8]\" placeholder=\"Mobile number\" aria-errormessage=\"wpforms-2276-field_8-error\" required><\/div><div id=\"wpforms-2276-field_2-container\" class=\"wpforms-field wpforms-field-email\" data-field-id=\"2\"><label class=\"wpforms-field-label wpforms-label-hide\" for=\"wpforms-2276-field_2\" aria-hidden=\"false\">E-Mail-Adresse * <span class=\"wpforms-required-label\" aria-hidden=\"true\">*<\/span><\/label><input type=\"email\" id=\"wpforms-2276-field_2\" class=\"wpforms-field-large wpforms-field-required\" name=\"wpforms[fields][2]\" placeholder=\"E-Mail-Adresse *\" spellcheck=\"false\" aria-errormessage=\"wpforms-2276-field_2-error\" required><\/div><div id=\"wpforms-2276-field_4-container\" class=\"wpforms-field wpforms-field-text\" data-field-id=\"4\"><label class=\"wpforms-field-label wpforms-label-hide\" for=\"wpforms-2276-field_4\" aria-hidden=\"false\">Sozialversicherungsnummer<\/label><input type=\"text\" id=\"wpforms-2276-field_4\" class=\"wpforms-field-large\" name=\"wpforms[fields][4]\" placeholder=\"Sozialversicherungsnummer\" aria-errormessage=\"wpforms-2276-field_4-error\" ><\/div><div id=\"wpforms-2276-field_5-container\" class=\"wpforms-field wpforms-field-textarea\" data-field-id=\"5\"><label class=\"wpforms-field-label wpforms-label-hide\" for=\"wpforms-2276-field_5\" aria-hidden=\"false\">Hinweis<\/label><textarea id=\"wpforms-2276-field_5\" class=\"wpforms-field-medium\" name=\"wpforms[fields][5]\" placeholder=\"Hinweis\" aria-errormessage=\"wpforms-2276-field_5-error\" ><\/textarea><\/div><script>\n\t\t\t\t( function() {\n\t\t\t\t\tconst style = document.createElement( 'style' );\n\t\t\t\t\tstyle.appendChild( document.createTextNode( '#wpforms-2276-field_7-container { position: absolute !important; overflow: hidden !important; display: inline !important; height: 1px !important; width: 1px !important; z-index: -1000 !important; padding: 0 !important; } #wpforms-2276-field_7-container input { visibility: hidden; } #wpforms-conversational-form-page #wpforms-2276-field_7-container label { counter-increment: none; }' ) );\n\t\t\t\t\tdocument.head.appendChild( style );\n\t\t\t\t\tdocument.currentScript?.remove();\n\t\t\t\t} )();\n\t\t\t<\/script><\/div><!-- .wpforms-field-container --><div class=\"wpforms-submit-container\" ><input type=\"hidden\" name=\"wpforms[id]\" value=\"2276\"><input type=\"hidden\" name=\"page_title\" value=\"\"><input type=\"hidden\" name=\"page_url\" value=\"https:\/\/kinderwunsch-dz.at\/ar\/wp-json\/wp\/v2\/pages\/2345\"><input type=\"hidden\" name=\"url_referer\" value=\"\"><button type=\"submit\" name=\"wpforms[submit]\" id=\"wpforms-submit-2276\" class=\"wpforms-submit\" data-alt-text=\"Sending...\" data-submit-text=\"Termin anfragen\" aria-live=\"assertive\" value=\"wpforms-submit\">Termin anfragen<\/button><img loading=\"lazy\" decoding=\"async\" src=\"https:\/\/kinderwunsch-dz.at\/wp-content\/plugins\/wpforms-lite\/assets\/images\/submit-spin.svg\" class=\"wpforms-submit-spinner\" style=\"display: none;\" width=\"26\" height=\"26\" alt=\"Loading\"><\/div><\/form><\/div>  <!-- .wpforms-container -->\n\n\t\t<\/div>\n\t\t\t\t\n<style>\n#col-1412380132 > .col-inner {\n  padding: 0px 0px 0px 0px;\n}\n<\/style>\n\t<\/div>\n\n\t\n<\/div>\n\t\t<\/div>\n\t\t\t\t\n<style>\n#col-2040802951 > .col-inner {\n  padding: 30px 5% 30px 5%;\n}\n@media (min-width:550px) {\n  #col-2040802951 > .col-inner {\n    padding: 15% 15% 15% 15%;\n  }\n}\n<\/style>\n\t<\/div>\n\n\t\n<\/div>\n\t\t<\/div>\n\t\t\t\t\t<\/div>\n\n\t\n\n<style>\n#row-1573672788 > .col > .col-inner {\n  background-color: rgb(255, 255, 255);\n}\n<\/style>\n<\/div>\n\t\t<\/div>\n\n\t\t\n<style>\n#section_587245012 {\n  padding-top: 1px;\n  padding-bottom: 1px;\n  background-color: rgb(255,255,255);\n}\n#section_587245012 .section-bg-overlay {\n  background-color: rgba(255,255,255,.5);\n}\n@media (min-width:550px) {\n  #section_587245012 {\n    padding-top: 80px;\n    padding-bottom: 80px;\n  }\n}\n@media (min-width:850px) {\n  #section_587245012 {\n    padding-top: 31px;\n    padding-bottom: 31px;\n  }\n}\n<\/style>\n\t<\/section>\n\t\n","protected":false},"excerpt":{"rendered":"","protected":false},"author":1,"featured_media":0,"parent":2357,"menu_order":0,"comment_status":"closed","ping_status":"closed","template":"page-blank.php","meta":{"footnotes":""},"class_list":["post-2345","page","type-page","status-publish","hentry"],"_links":{"self":[{"href":"https:\/\/kinderwunsch-dz.at\/ar\/wp-json\/wp\/v2\/pages\/2345","targetHints":{"allow":["GET"]}}],"collection":[{"href":"https:\/\/kinderwunsch-dz.at\/ar\/wp-json\/wp\/v2\/pages"}],"about":[{"href":"https:\/\/kinderwunsch-dz.at\/ar\/wp-json\/wp\/v2\/types\/page"}],"author":[{"embeddable":true,"href":"https:\/\/kinderwunsch-dz.at\/ar\/wp-json\/wp\/v2\/users\/1"}],"replies":[{"embeddable":true,"href":"https:\/\/kinderwunsch-dz.at\/ar\/wp-json\/wp\/v2\/comments?post=2345"}],"version-history":[{"count":5,"href":"https:\/\/kinderwunsch-dz.at\/ar\/wp-json\/wp\/v2\/pages\/2345\/revisions"}],"predecessor-version":[{"id":2522,"href":"https:\/\/kinderwunsch-dz.at\/ar\/wp-json\/wp\/v2\/pages\/2345\/revisions\/2522"}],"up":[{"embeddable":true,"href":"https:\/\/kinderwunsch-dz.at\/ar\/wp-json\/wp\/v2\/pages\/2357"}],"wp:attachment":[{"href":"https:\/\/kinderwunsch-dz.at\/ar\/wp-json\/wp\/v2\/media?parent=2345"}],"curies":[{"name":"wp","href":"https:\/\/api.w.org\/{rel}","templated":true}]}}